{"id":522,"date":"2023-12-01T13:01:44","date_gmt":"2023-12-01T12:01:44","guid":{"rendered":"https:\/\/lacentral1897.com\/blog\/?page_id=522"},"modified":"2023-12-04T10:54:00","modified_gmt":"2023-12-04T09:54:00","slug":"politica-de-cookies","status":"publish","type":"page","link":"https:\/\/lacentral1897.com\/blog\/politica-de-cookies\/","title":{"rendered":"Pol\u00edtica de Cookies"},"content":{"rendered":"\n<h2 class=\"wp-block-heading\">Pol\u00edtica de Cookies<\/h2>\n\n\n\n<p>Una cookie es una peque\u00f1a informaci\u00f3n enviada por un sitio web y almacenada en el navegador del usuario, de manera que el sitio web puede consultar la actividad previa del usuario.<\/p>\n\n\n\n<p>En este sitio web se utilizan las siguientes cookies que se detallan a continuaci\u00f3n:<\/p>\n\n\n\n<p>cookies estrictamente necesarias para la prestaci\u00f3n de determinados servicios solicitados expresamente por el usuario: si se desactivan estas cookies, no podr\u00e1 recibir correctamente nuestros contenidos y servicios; y<\/p>\n\n\n\n<p>cookies anal\u00edticas, las cuales ayudan a proporionar datos estad\u00edsticos de uso de la web para mejorar en el contenido y servicio que ofrecemos.<\/p>\n\n\n\n<h2 class=\"wp-block-heading\">Desactivaci\u00f3n de Cookies<\/h2>\n\n\n\n<p>El usuario podr\u00e1 -en cualquier momento- elegir qu\u00e9 cookies quiere que funcionen en este sitio web mediante la configuraci\u00f3n del navegador:<\/p>\n\n\n\n<p>Chrome, desde http:\/\/support.google.com\/chrome\/bin\/answer.py?hl=es&amp;answer=95647<\/p>\n\n\n\n<p>Explorer, desde http:\/\/windows.microsoft.com\/es-es\/windows7\/how-to-manage-cookies-in-internet-explorer-9<\/p>\n\n\n\n<p>Firefox, desde http:\/\/support.mozilla.org\/es\/kb\/habilitar-y-deshabilitar-cookies-que-los-sitios-we<\/p>\n\n\n\n<p>Safari, desde http:\/\/support.apple.com\/kb\/ph5042ulos fr\u00e1giles.<br><br>Las cajas son grandes y tus art\u00edculos estar\u00e1n bien protegidos.<\/p>\n","protected":false},"excerpt":{"rendered":"<p>Pol\u00edtica de Cookies Una cookie es una peque\u00f1a informaci\u00f3n enviada por un sitio web y almacenada en el navegador del usuario, de manera que el sitio web puede consultar la actividad previa del usuario. En este sitio web se utilizan las siguientes cookies que se detallan a continuaci\u00f3n: cookies estrictamente necesarias para la prestaci\u00f3n de [&hellip;]<\/p>\n","protected":false},"author":1,"featured_media":0,"parent":0,"menu_order":0,"comment_status":"closed","ping_status":"closed","template":"","meta":{"footnotes":""},"class_list":["post-522","page","type-page","status-publish","hentry"],"yoast_head":"<!-- This site is optimized with the Yoast SEO plugin v21.7 - https:\/\/yoast.com\/wordpress\/plugins\/seo\/ -->\n<title>Pol\u00edtica de Cookies - La Central 1897<\/title>\n<meta name=\"robots\" content=\"index, follow, max-snippet:-1, max-image-preview:large, max-video-preview:-1\" \/>\n<link rel=\"canonical\" href=\"https:\/\/lacentral1897.com\/blog\/politica-de-cookies\/\" \/>\n<meta property=\"og:locale\" content=\"es_ES\" \/>\n<meta property=\"og:type\" content=\"article\" \/>\n<meta property=\"og:title\" content=\"Pol\u00edtica de Cookies - La Central 1897\" \/>\n<meta property=\"og:description\" content=\"Pol\u00edtica de Cookies Una cookie es una peque\u00f1a informaci\u00f3n enviada por un sitio web y almacenada en el navegador del usuario, de manera que el sitio web puede consultar la actividad previa del usuario. En este sitio web se utilizan las siguientes cookies que se detallan a continuaci\u00f3n: cookies estrictamente necesarias para la prestaci\u00f3n de [&hellip;]\" \/>\n<meta property=\"og:url\" content=\"https:\/\/lacentral1897.com\/blog\/politica-de-cookies\/\" \/>\n<meta property=\"og:site_name\" content=\"La Central 1897\" \/>\n<meta property=\"article:publisher\" content=\"https:\/\/www.facebook.com\/lacentral1897\/\" \/>\n<meta property=\"article:modified_time\" content=\"2023-12-04T09:54:00+00:00\" \/>\n<meta name=\"twitter:card\" content=\"summary_large_image\" \/>\n<meta name=\"twitter:label1\" content=\"Tiempo de lectura\" \/>\n\t<meta name=\"twitter:data1\" content=\"1 minuto\" \/>\n<script type=\"application\/ld+json\" class=\"yoast-schema-graph\">{\"@context\":\"https:\/\/schema.org\",\"@graph\":[{\"@type\":\"WebPage\",\"@id\":\"https:\/\/lacentral1897.com\/blog\/politica-de-cookies\/\",\"url\":\"https:\/\/lacentral1897.com\/blog\/politica-de-cookies\/\",\"name\":\"Pol\u00edtica de Cookies - La Central 1897\",\"isPartOf\":{\"@id\":\"https:\/\/lacentral1897.com\/blog\/#website\"},\"datePublished\":\"2023-12-01T12:01:44+00:00\",\"dateModified\":\"2023-12-04T09:54:00+00:00\",\"breadcrumb\":{\"@id\":\"https:\/\/lacentral1897.com\/blog\/politica-de-cookies\/#breadcrumb\"},\"inLanguage\":\"es\",\"potentialAction\":[{\"@type\":\"ReadAction\",\"target\":[\"https:\/\/lacentral1897.com\/blog\/politica-de-cookies\/\"]}]},{\"@type\":\"BreadcrumbList\",\"@id\":\"https:\/\/lacentral1897.com\/blog\/politica-de-cookies\/#breadcrumb\",\"itemListElement\":[{\"@type\":\"ListItem\",\"position\":1,\"name\":\"Portada\",\"item\":\"https:\/\/lacentral1897.com\/blog\/\"},{\"@type\":\"ListItem\",\"position\":2,\"name\":\"Pol\u00edtica de Cookies\"}]},{\"@type\":\"WebSite\",\"@id\":\"https:\/\/lacentral1897.com\/blog\/#website\",\"url\":\"https:\/\/lacentral1897.com\/blog\/\",\"name\":\"La Central 1897\",\"description\":\"\",\"publisher\":{\"@id\":\"https:\/\/lacentral1897.com\/blog\/#organization\"},\"potentialAction\":[{\"@type\":\"SearchAction\",\"target\":{\"@type\":\"EntryPoint\",\"urlTemplate\":\"https:\/\/lacentral1897.com\/blog\/?s={search_term_string}\"},\"query-input\":\"required name=search_term_string\"}],\"inLanguage\":\"es\"},{\"@type\":\"Organization\",\"@id\":\"https:\/\/lacentral1897.com\/blog\/#organization\",\"name\":\"La Central 1897\",\"url\":\"https:\/\/lacentral1897.com\/blog\/\",\"logo\":{\"@type\":\"ImageObject\",\"inLanguage\":\"es\",\"@id\":\"https:\/\/lacentral1897.com\/blog\/#\/schema\/logo\/image\/\",\"url\":\"https:\/\/lacentral1897.com\/blog\/wp-content\/uploads\/2023\/11\/logo-1689857245.png\",\"contentUrl\":\"https:\/\/lacentral1897.com\/blog\/wp-content\/uploads\/2023\/11\/logo-1689857245.png\",\"width\":227,\"height\":104,\"caption\":\"La Central 1897\"},\"image\":{\"@id\":\"https:\/\/lacentral1897.com\/blog\/#\/schema\/logo\/image\/\"},\"sameAs\":[\"https:\/\/www.facebook.com\/lacentral1897\/\"]}]}<\/script>\n<!-- \/ Yoast SEO plugin. -->","yoast_head_json":{"title":"Pol\u00edtica de Cookies - La Central 1897","robots":{"index":"index","follow":"follow","max-snippet":"max-snippet:-1","max-image-preview":"max-image-preview:large","max-video-preview":"max-video-preview:-1"},"canonical":"https:\/\/lacentral1897.com\/blog\/politica-de-cookies\/","og_locale":"es_ES","og_type":"article","og_title":"Pol\u00edtica de Cookies - La Central 1897","og_description":"Pol\u00edtica de Cookies Una cookie es una peque\u00f1a informaci\u00f3n enviada por un sitio web y almacenada en el navegador del usuario, de manera que el sitio web puede consultar la actividad previa del usuario. En este sitio web se utilizan las siguientes cookies que se detallan a continuaci\u00f3n: cookies estrictamente necesarias para la prestaci\u00f3n de [&hellip;]","og_url":"https:\/\/lacentral1897.com\/blog\/politica-de-cookies\/","og_site_name":"La Central 1897","article_publisher":"https:\/\/www.facebook.com\/lacentral1897\/","article_modified_time":"2023-12-04T09:54:00+00:00","twitter_card":"summary_large_image","twitter_misc":{"Tiempo de lectura":"1 minuto"},"schema":{"@context":"https:\/\/schema.org","@graph":[{"@type":"WebPage","@id":"https:\/\/lacentral1897.com\/blog\/politica-de-cookies\/","url":"https:\/\/lacentral1897.com\/blog\/politica-de-cookies\/","name":"Pol\u00edtica de Cookies - La Central 1897","isPartOf":{"@id":"https:\/\/lacentral1897.com\/blog\/#website"},"datePublished":"2023-12-01T12:01:44+00:00","dateModified":"2023-12-04T09:54:00+00:00","breadcrumb":{"@id":"https:\/\/lacentral1897.com\/blog\/politica-de-cookies\/#breadcrumb"},"inLanguage":"es","potentialAction":[{"@type":"ReadAction","target":["https:\/\/lacentral1897.com\/blog\/politica-de-cookies\/"]}]},{"@type":"BreadcrumbList","@id":"https:\/\/lacentral1897.com\/blog\/politica-de-cookies\/#breadcrumb","itemListElement":[{"@type":"ListItem","position":1,"name":"Portada","item":"https:\/\/lacentral1897.com\/blog\/"},{"@type":"ListItem","position":2,"name":"Pol\u00edtica de Cookies"}]},{"@type":"WebSite","@id":"https:\/\/lacentral1897.com\/blog\/#website","url":"https:\/\/lacentral1897.com\/blog\/","name":"La Central 1897","description":"","publisher":{"@id":"https:\/\/lacentral1897.com\/blog\/#organization"},"potentialAction":[{"@type":"SearchAction","target":{"@type":"EntryPoint","urlTemplate":"https:\/\/lacentral1897.com\/blog\/?s={search_term_string}"},"query-input":"required name=search_term_string"}],"inLanguage":"es"},{"@type":"Organization","@id":"https:\/\/lacentral1897.com\/blog\/#organization","name":"La Central 1897","url":"https:\/\/lacentral1897.com\/blog\/","logo":{"@type":"ImageObject","inLanguage":"es","@id":"https:\/\/lacentral1897.com\/blog\/#\/schema\/logo\/image\/","url":"https:\/\/lacentral1897.com\/blog\/wp-content\/uploads\/2023\/11\/logo-1689857245.png","contentUrl":"https:\/\/lacentral1897.com\/blog\/wp-content\/uploads\/2023\/11\/logo-1689857245.png","width":227,"height":104,"caption":"La Central 1897"},"image":{"@id":"https:\/\/lacentral1897.com\/blog\/#\/schema\/logo\/image\/"},"sameAs":["https:\/\/www.facebook.com\/lacentral1897\/"]}]}},"_links":{"self":[{"href":"https:\/\/lacentral1897.com\/blog\/wp-json\/wp\/v2\/pages\/522","targetHints":{"allow":["GET"]}}],"collection":[{"href":"https:\/\/lacentral1897.com\/blog\/wp-json\/wp\/v2\/pages"}],"about":[{"href":"https:\/\/lacentral1897.com\/blog\/wp-json\/wp\/v2\/types\/page"}],"author":[{"embeddable":true,"href":"https:\/\/lacentral1897.com\/blog\/wp-json\/wp\/v2\/users\/1"}],"replies":[{"embeddable":true,"href":"https:\/\/lacentral1897.com\/blog\/wp-json\/wp\/v2\/comments?post=522"}],"version-history":[{"count":2,"href":"https:\/\/lacentral1897.com\/blog\/wp-json\/wp\/v2\/pages\/522\/revisions"}],"predecessor-version":[{"id":530,"href":"https:\/\/lacentral1897.com\/blog\/wp-json\/wp\/v2\/pages\/522\/revisions\/530"}],"wp:attachment":[{"href":"https:\/\/lacentral1897.com\/blog\/wp-json\/wp\/v2\/media?parent=522"}],"curies":[{"name":"wp","href":"https:\/\/api.w.org\/{rel}","templated":true}]}}