{"id":631,"date":"2023-12-04T16:02:06","date_gmt":"2023-12-04T15:02:06","guid":{"rendered":"https:\/\/lacentral1897.com\/blog\/?page_id=631"},"modified":"2023-12-04T16:05:06","modified_gmt":"2023-12-04T15:05:06","slug":"declaracion-de-accesibilidad","status":"publish","type":"page","link":"https:\/\/lacentral1897.com\/blog\/declaracion-de-accesibilidad\/","title":{"rendered":"Declaraci\u00f3n de accesibilidad"},"content":{"rendered":"\n<p>En <strong>La Central 1897<\/strong> trabajamos de forma continua para garantizar un acceso universal a nuestra Web, con el objetivo de que todas las personas, con independencia de su edad, discapacidad o cualesquiera otras circunstancias personales, puedan navegar por las p\u00e1ginas del dominio <a href=\"https:\/\/lacentral1897.com\/\">lacentral1897.com<\/a> sin encontrar dificultades de acceso.<\/p>\n\n\n\n<p>Los criterios adoptados para conseguir una mayor accesibilidad de la Web de LA CENTRAL 1897 se basan en las directrices WCAG\/WAI fijadas por el World Wide Web Consortium (W3C), que es la organizaci\u00f3n de car\u00e1cter supranacional que se encarga de la supervisi\u00f3n de las tecnolog\u00edas y la adopci\u00f3n de los est\u00e1ndares de Internet. En este sentido el desarrollo de la Web de LA CENTRAL 1897 se ha basado en el cumplimiento de las Pautas de accesibilidad para el Contenido en la web de la WCAG 2.1 del W3C-WAI en su nivel de exigencia AA. Everycode, S.L., se ha encargado de realizar una auditor\u00eda de accesibilidad seg\u00fan los requisitos de las WCAG 2.1. en su nivel AA.<\/p>\n\n\n\n<p>La presente declaraci\u00f3n de accesibilidad se aplica al sitio web <a href=\"https:\/\/lacentral1897.com\">lacentral1897.com<\/a>, excluyendo los contenidos incrustados provenientes de otros dominios.<\/p>\n\n\n\n<h2 class=\"wp-block-heading\">Situaci\u00f3n actual<\/h2>\n\n\n\n<p>El sitio web <a href=\"https:\/\/lacentral1897.com\">lacentral1897.com<\/a> ha sido certificado con la Certificaci\u00f3n inSuit AA seg\u00fan los requisitos de las WCAG 2.1 en su nivel AA.<\/p>\n\n\n\n<p>Algunas de las funcionalidades implementadas en el sitio web <a href=\"https:\/\/lacentral1897.com\">lacentral1897.com<\/a>, para permitir una mayor accesibilidad a sus contenidos son:<\/p>\n\n\n\n<ul class=\"wp-block-list\">\n<li>Las caracter\u00edsticas visuales del portal (tipo de letra, color de fuente y fondo, etc.) se definen mediante la hoja de estilos para que el usuario pueda ajustar el texto a sus preferencias.<\/li>\n\n\n\n<li>Los tama\u00f1os de las fuentes se han definido con unidades relativas para que pueda ampliar o disminuir el tama\u00f1o de la fuente desde las opciones del navegador.<\/li>\n\n\n\n<li>Si un usuario accede a la p\u00e1gina con un navegador que no soporta hoja de estilos, no supondr\u00e1 una dificultad, ya que de igual manera se puede acceder a todos los contenidos con la CSS desactivada.<\/li>\n\n\n\n<li>Las p\u00e1ginas tienen una estructura clara tanto para el usuario que puede ver todo el contenido, como para el que lee la informaci\u00f3n con un lector de pantalla, usuarios que desactivan la hoja de estilos, etc. Bajo este objetivo, se han definido mediante el c\u00f3digo HTML los encabezados de secci\u00f3n, las listas y todos los elementos que ayudan a la comprensi\u00f3n general del sitio web.<\/li>\n\n\n\n<li>El c\u00f3digo HTML y CSS empleado se ajusta a las gram\u00e1ticas formales para garantizar la correcta visualizaci\u00f3n de los contenidos en distintos navegadores.<\/li>\n<\/ul>\n\n\n\n<h2 class=\"wp-block-heading\">Preparaci\u00f3n de la presente declaraci\u00f3n de accesibilidad<\/h2>\n\n\n\n<p>La presente declaraci\u00f3n fue preparada el 15 de noviembre de 2023.<\/p>\n\n\n\n<p>El m\u00e9todo empleado para preparar la declaraci\u00f3n ha sido una auditor\u00eda de accesibilidad llevada a cabo por la empresa <strong>Everycode, S.L. el 15\/11\/2023.<\/strong><\/p>\n\n\n\n<p>\u00daltima revisi\u00f3n de la declaraci\u00f3n: <strong>15 de noviembre de 2023.<\/strong><\/p>\n\n\n\n<p>El resultado de la auditor\u00eda ha sido plenamente conforme seg\u00fan los requisitos de las WCAG 2.1 en su nivel AA, lo que refleja el cumplimiento del nivel de accesibilidad exigido por la legislaci\u00f3n vigente.<\/p>\n\n\n\n<p>Pueden aportar sugerencias o peticiones sobre accesibilidad web en el formulario de contacto: info@lacentral1897.com<\/p>\n","protected":false},"excerpt":{"rendered":"<p>En La Central 1897 trabajamos de forma continua para garantizar un acceso universal a nuestra Web, con el objetivo de que todas las personas, con independencia de su edad, discapacidad o cualesquiera otras circunstancias personales, puedan navegar por las p\u00e1ginas del dominio lacentral1897.com sin encontrar dificultades de acceso. Los criterios adoptados para conseguir una mayor [&hellip;]<\/p>\n","protected":false},"author":1,"featured_media":0,"parent":0,"menu_order":0,"comment_status":"closed","ping_status":"closed","template":"","meta":{"footnotes":""},"class_list":["post-631","page","type-page","status-publish","hentry"],"yoast_head":"<!-- This site is optimized with the Yoast SEO plugin v21.7 - https:\/\/yoast.com\/wordpress\/plugins\/seo\/ -->\n<title>Declaraci\u00f3n de accesibilidad - La Central 1897<\/title>\n<meta name=\"robots\" content=\"index, follow, max-snippet:-1, max-image-preview:large, max-video-preview:-1\" \/>\n<link rel=\"canonical\" href=\"https:\/\/lacentral1897.com\/blog\/declaracion-de-accesibilidad\/\" \/>\n<meta property=\"og:locale\" content=\"es_ES\" \/>\n<meta property=\"og:type\" content=\"article\" \/>\n<meta property=\"og:title\" content=\"Declaraci\u00f3n de accesibilidad - La Central 1897\" \/>\n<meta property=\"og:description\" content=\"En La Central 1897 trabajamos de forma continua para garantizar un acceso universal a nuestra Web, con el objetivo de que todas las personas, con independencia de su edad, discapacidad o cualesquiera otras circunstancias personales, puedan navegar por las p\u00e1ginas del dominio lacentral1897.com sin encontrar dificultades de acceso. Los criterios adoptados para conseguir una mayor [&hellip;]\" \/>\n<meta property=\"og:url\" content=\"https:\/\/lacentral1897.com\/blog\/declaracion-de-accesibilidad\/\" \/>\n<meta property=\"og:site_name\" content=\"La Central 1897\" \/>\n<meta property=\"article:publisher\" content=\"https:\/\/www.facebook.com\/lacentral1897\/\" \/>\n<meta property=\"article:modified_time\" content=\"2023-12-04T15:05:06+00:00\" \/>\n<meta name=\"twitter:card\" content=\"summary_large_image\" \/>\n<meta name=\"twitter:label1\" content=\"Tiempo de lectura\" \/>\n\t<meta name=\"twitter:data1\" content=\"3 minutos\" \/>\n<script type=\"application\/ld+json\" class=\"yoast-schema-graph\">{\"@context\":\"https:\/\/schema.org\",\"@graph\":[{\"@type\":\"WebPage\",\"@id\":\"https:\/\/lacentral1897.com\/blog\/declaracion-de-accesibilidad\/\",\"url\":\"https:\/\/lacentral1897.com\/blog\/declaracion-de-accesibilidad\/\",\"name\":\"Declaraci\u00f3n de accesibilidad - La Central 1897\",\"isPartOf\":{\"@id\":\"https:\/\/lacentral1897.com\/blog\/#website\"},\"datePublished\":\"2023-12-04T15:02:06+00:00\",\"dateModified\":\"2023-12-04T15:05:06+00:00\",\"breadcrumb\":{\"@id\":\"https:\/\/lacentral1897.com\/blog\/declaracion-de-accesibilidad\/#breadcrumb\"},\"inLanguage\":\"es\",\"potentialAction\":[{\"@type\":\"ReadAction\",\"target\":[\"https:\/\/lacentral1897.com\/blog\/declaracion-de-accesibilidad\/\"]}]},{\"@type\":\"BreadcrumbList\",\"@id\":\"https:\/\/lacentral1897.com\/blog\/declaracion-de-accesibilidad\/#breadcrumb\",\"itemListElement\":[{\"@type\":\"ListItem\",\"position\":1,\"name\":\"Portada\",\"item\":\"https:\/\/lacentral1897.com\/blog\/\"},{\"@type\":\"ListItem\",\"position\":2,\"name\":\"Declaraci\u00f3n de accesibilidad\"}]},{\"@type\":\"WebSite\",\"@id\":\"https:\/\/lacentral1897.com\/blog\/#website\",\"url\":\"https:\/\/lacentral1897.com\/blog\/\",\"name\":\"La Central 1897\",\"description\":\"\",\"publisher\":{\"@id\":\"https:\/\/lacentral1897.com\/blog\/#organization\"},\"potentialAction\":[{\"@type\":\"SearchAction\",\"target\":{\"@type\":\"EntryPoint\",\"urlTemplate\":\"https:\/\/lacentral1897.com\/blog\/?s={search_term_string}\"},\"query-input\":\"required name=search_term_string\"}],\"inLanguage\":\"es\"},{\"@type\":\"Organization\",\"@id\":\"https:\/\/lacentral1897.com\/blog\/#organization\",\"name\":\"La Central 1897\",\"url\":\"https:\/\/lacentral1897.com\/blog\/\",\"logo\":{\"@type\":\"ImageObject\",\"inLanguage\":\"es\",\"@id\":\"https:\/\/lacentral1897.com\/blog\/#\/schema\/logo\/image\/\",\"url\":\"https:\/\/lacentral1897.com\/blog\/wp-content\/uploads\/2023\/11\/logo-1689857245.png\",\"contentUrl\":\"https:\/\/lacentral1897.com\/blog\/wp-content\/uploads\/2023\/11\/logo-1689857245.png\",\"width\":227,\"height\":104,\"caption\":\"La Central 1897\"},\"image\":{\"@id\":\"https:\/\/lacentral1897.com\/blog\/#\/schema\/logo\/image\/\"},\"sameAs\":[\"https:\/\/www.facebook.com\/lacentral1897\/\"]}]}<\/script>\n<!-- \/ Yoast SEO plugin. -->","yoast_head_json":{"title":"Declaraci\u00f3n de accesibilidad - La Central 1897","robots":{"index":"index","follow":"follow","max-snippet":"max-snippet:-1","max-image-preview":"max-image-preview:large","max-video-preview":"max-video-preview:-1"},"canonical":"https:\/\/lacentral1897.com\/blog\/declaracion-de-accesibilidad\/","og_locale":"es_ES","og_type":"article","og_title":"Declaraci\u00f3n de accesibilidad - La Central 1897","og_description":"En La Central 1897 trabajamos de forma continua para garantizar un acceso universal a nuestra Web, con el objetivo de que todas las personas, con independencia de su edad, discapacidad o cualesquiera otras circunstancias personales, puedan navegar por las p\u00e1ginas del dominio lacentral1897.com sin encontrar dificultades de acceso. Los criterios adoptados para conseguir una mayor [&hellip;]","og_url":"https:\/\/lacentral1897.com\/blog\/declaracion-de-accesibilidad\/","og_site_name":"La Central 1897","article_publisher":"https:\/\/www.facebook.com\/lacentral1897\/","article_modified_time":"2023-12-04T15:05:06+00:00","twitter_card":"summary_large_image","twitter_misc":{"Tiempo de lectura":"3 minutos"},"schema":{"@context":"https:\/\/schema.org","@graph":[{"@type":"WebPage","@id":"https:\/\/lacentral1897.com\/blog\/declaracion-de-accesibilidad\/","url":"https:\/\/lacentral1897.com\/blog\/declaracion-de-accesibilidad\/","name":"Declaraci\u00f3n de accesibilidad - La Central 1897","isPartOf":{"@id":"https:\/\/lacentral1897.com\/blog\/#website"},"datePublished":"2023-12-04T15:02:06+00:00","dateModified":"2023-12-04T15:05:06+00:00","breadcrumb":{"@id":"https:\/\/lacentral1897.com\/blog\/declaracion-de-accesibilidad\/#breadcrumb"},"inLanguage":"es","potentialAction":[{"@type":"ReadAction","target":["https:\/\/lacentral1897.com\/blog\/declaracion-de-accesibilidad\/"]}]},{"@type":"BreadcrumbList","@id":"https:\/\/lacentral1897.com\/blog\/declaracion-de-accesibilidad\/#breadcrumb","itemListElement":[{"@type":"ListItem","position":1,"name":"Portada","item":"https:\/\/lacentral1897.com\/blog\/"},{"@type":"ListItem","position":2,"name":"Declaraci\u00f3n de accesibilidad"}]},{"@type":"WebSite","@id":"https:\/\/lacentral1897.com\/blog\/#website","url":"https:\/\/lacentral1897.com\/blog\/","name":"La Central 1897","description":"","publisher":{"@id":"https:\/\/lacentral1897.com\/blog\/#organization"},"potentialAction":[{"@type":"SearchAction","target":{"@type":"EntryPoint","urlTemplate":"https:\/\/lacentral1897.com\/blog\/?s={search_term_string}"},"query-input":"required name=search_term_string"}],"inLanguage":"es"},{"@type":"Organization","@id":"https:\/\/lacentral1897.com\/blog\/#organization","name":"La Central 1897","url":"https:\/\/lacentral1897.com\/blog\/","logo":{"@type":"ImageObject","inLanguage":"es","@id":"https:\/\/lacentral1897.com\/blog\/#\/schema\/logo\/image\/","url":"https:\/\/lacentral1897.com\/blog\/wp-content\/uploads\/2023\/11\/logo-1689857245.png","contentUrl":"https:\/\/lacentral1897.com\/blog\/wp-content\/uploads\/2023\/11\/logo-1689857245.png","width":227,"height":104,"caption":"La Central 1897"},"image":{"@id":"https:\/\/lacentral1897.com\/blog\/#\/schema\/logo\/image\/"},"sameAs":["https:\/\/www.facebook.com\/lacentral1897\/"]}]}},"_links":{"self":[{"href":"https:\/\/lacentral1897.com\/blog\/wp-json\/wp\/v2\/pages\/631","targetHints":{"allow":["GET"]}}],"collection":[{"href":"https:\/\/lacentral1897.com\/blog\/wp-json\/wp\/v2\/pages"}],"about":[{"href":"https:\/\/lacentral1897.com\/blog\/wp-json\/wp\/v2\/types\/page"}],"author":[{"embeddable":true,"href":"https:\/\/lacentral1897.com\/blog\/wp-json\/wp\/v2\/users\/1"}],"replies":[{"embeddable":true,"href":"https:\/\/lacentral1897.com\/blog\/wp-json\/wp\/v2\/comments?post=631"}],"version-history":[{"count":3,"href":"https:\/\/lacentral1897.com\/blog\/wp-json\/wp\/v2\/pages\/631\/revisions"}],"predecessor-version":[{"id":635,"href":"https:\/\/lacentral1897.com\/blog\/wp-json\/wp\/v2\/pages\/631\/revisions\/635"}],"wp:attachment":[{"href":"https:\/\/lacentral1897.com\/blog\/wp-json\/wp\/v2\/media?parent=631"}],"curies":[{"name":"wp","href":"https:\/\/api.w.org\/{rel}","templated":true}]}}